{"id":41,"date":"2026-04-26T11:01:06","date_gmt":"2026-04-26T11:01:06","guid":{"rendered":"https:\/\/esoma.space\/buchung\/"},"modified":"2026-04-26T11:09:18","modified_gmt":"2026-04-26T11:09:18","slug":"buchung","status":"publish","type":"page","link":"https:\/\/esoma.space\/en\/buchung\/","title":{"rendered":"Buchung"},"content":{"rendered":"<div class=\"wp-block-group alignfull is-style-ext-preset--group--natural-1--section ext-animate--on has-background-background-color has-background has-global-padding is-layout-constrained wp-container-core-group-is-layout-ab56ae29 wp-block-group-is-layout-constrained is-style-ext-preset--group--natural-1--section--2\" id=\"jetzt-buchen\" style=\"margin-top:0;margin-bottom:0;padding-top:var(--wp--preset--spacing--70);padding-bottom:var(--wp--preset--spacing--70)\">\n<h2 class=\"wp-block-heading has-text-align-center ext-animate--on\">Erleben Sie nachhaltige Ver\u00e4nderung durch gezielte K\u00f6rperarbeit und bewusstes Erleben<\/h2>\n\n\n\n<p class=\"has-text-align-center ext-animate--on\" style=\"margin-top:1.5rem\">Buchen Sie Ihren Termin unkompliziert und schnell \u2013 alle wichtigen Informationen f\u00fcr Ihren reibungslosen Ablauf finden Sie hier.<\/p>\n\n\n\n<div class=\"wp-block-group alignwide ext-animate--on has-global-padding is-layout-constrained wp-block-group-is-layout-constrained\">\n<div class=\"wp-block-simplybook-widget\"><\/div>\n<\/div>\n<\/div>\n\n<div class=\"wp-block-group alignfull is-style-ext-preset--group--natural-1--section ext-animate--off has-tertiary-background-color has-background has-global-padding is-layout-constrained wp-block-group-is-layout-constrained is-style-ext-preset--group--natural-1--section--3\" id=\"kontakt\" style=\"margin-top:0;margin-bottom:0;padding-top:var(--wp--preset--spacing--70);padding-bottom:var(--wp--preset--spacing--70)\">\n<div class=\"wp-block-media-text alignwide has-media-on-the-right is-stacked-on-mobile is-image-fill-element is-style-ext-preset--media-text--natural-1--card-1 ext-animate--on has-background-background-color has-background is-style-ext-preset--media-text--natural-1--card-1--4\" style=\"grid-template-columns:auto 48%\"><div class=\"wp-block-media-text__content\">\n<div class=\"wp-block-group alignwide ext-animate--off has-global-padding is-layout-constrained wp-container-core-group-is-layout-48493932 wp-block-group-is-layout-constrained\" style=\"padding-top:var(--wp--preset--spacing--55);padding-right:var(--wp--preset--spacing--55);padding-bottom:var(--wp--preset--spacing--55);padding-left:var(--wp--preset--spacing--55)\">\n<div class=\"wp-block-contact-form-7-contact-form-selector\">\n<div class=\"wpcf7 no-js\" id=\"wpcf7-f13-o1\" lang=\"de-DE\" dir=\"ltr\" data-wpcf7-id=\"13\">\n<div class=\"screen-reader-response\"><p role=\"status\" aria-live=\"polite\" aria-atomic=\"true\"><\/p> <ul><\/ul><\/div>\n<form action=\"\/en\/wp-json\/wp\/v2\/pages\/41#wpcf7-f13-o1\" method=\"post\" class=\"wpcf7-form init\" aria-label=\"Kontaktformular\" novalidate=\"novalidate\" data-status=\"init\" data-trp-original-action=\"\/en\/wp-json\/wp\/v2\/pages\/41#wpcf7-f13-o1\">\n<fieldset class=\"hidden-fields-container\"><input type=\"hidden\" name=\"_wpcf7\" value=\"13\" \/><input type=\"hidden\" name=\"_wpcf7_version\" value=\"6.1.5\" \/><input type=\"hidden\" name=\"_wpcf7_locale\" value=\"de_DE\" \/><input type=\"hidden\" name=\"_wpcf7_unit_tag\" value=\"wpcf7-f13-o1\" \/><input type=\"hidden\" name=\"_wpcf7_container_post\" value=\"0\" \/><input type=\"hidden\" name=\"_wpcf7_posted_data_hash\" value=\"\" \/>\n<\/fieldset>\n<p><label> Dein Name<br \/>\n<span class=\"wpcf7-form-control-wrap\" data-name=\"your-name\"><input size=\"40\" maxlength=\"400\" class=\"wpcf7-form-control wpcf7-text wpcf7-validates-as-required\" autocomplete=\"name\" aria-required=\"true\" aria-invalid=\"false\" value=\"\" type=\"text\" name=\"your-name\" \/><\/span> <\/label>\n<\/p>\n<p><label> Deine E-Mail-Adresse<br \/>\n<span class=\"wpcf7-form-control-wrap\" data-name=\"your-email\"><input size=\"40\" maxlength=\"400\" class=\"wpcf7-form-control wpcf7-email wpcf7-validates-as-required wpcf7-text wpcf7-validates-as-email\" autocomplete=\"email\" aria-required=\"true\" aria-invalid=\"false\" value=\"\" type=\"email\" name=\"your-email\" \/><\/span> <\/label>\n<\/p>\n<p><label> Betreff<br \/>\n<span class=\"wpcf7-form-control-wrap\" data-name=\"your-subject\"><input size=\"40\" maxlength=\"400\" class=\"wpcf7-form-control wpcf7-text wpcf7-validates-as-required\" aria-required=\"true\" aria-invalid=\"false\" value=\"\" type=\"text\" name=\"your-subject\" \/><\/span> <\/label>\n<\/p>\n<p><label> Deine Nachricht (optional)<br \/>\n<span class=\"wpcf7-form-control-wrap\" data-name=\"your-message\"><textarea cols=\"40\" rows=\"10\" maxlength=\"2000\" class=\"wpcf7-form-control wpcf7-textarea\" aria-invalid=\"false\" name=\"your-message\"><\/textarea><\/span> <\/label>\n<\/p>\n<p><input class=\"wpcf7-form-control wpcf7-submit has-spinner\" type=\"submit\" value=\"Senden\" \/>\n<\/p><div class=\"wpcf7-response-output\" aria-hidden=\"true\"><\/div>\n<input type=\"hidden\" name=\"trp-form-language\" value=\"en\"\/><\/form>\n<\/div>\n<\/div>\n<\/div>\n<\/div><figure class=\"wp-block-media-text__media\"><img loading=\"lazy\" decoding=\"async\" width=\"1440\" height=\"1080\" class=\"wp-image-51 size-full\" src=\"https:\/\/esoma.space\/wp-content\/uploads\/2026\/04\/e705568dd0fef85a17453f62beffc29830c9b924.jpg\" alt=\"\" style=\"object-position:50% 50%\" srcset=\"https:\/\/esoma.space\/wp-content\/uploads\/2026\/04\/e705568dd0fef85a17453f62beffc29830c9b924.jpg 1440w, https:\/\/esoma.space\/wp-content\/uploads\/2026\/04\/e705568dd0fef85a17453f62beffc29830c9b924-300x225.jpg 300w, https:\/\/esoma.space\/wp-content\/uploads\/2026\/04\/e705568dd0fef85a17453f62beffc29830c9b924-1024x768.jpg 1024w, https:\/\/esoma.space\/wp-content\/uploads\/2026\/04\/e705568dd0fef85a17453f62beffc29830c9b924-768x576.jpg 768w, https:\/\/esoma.space\/wp-content\/uploads\/2026\/04\/e705568dd0fef85a17453f62beffc29830c9b924-16x12.jpg 16w\" sizes=\"auto, (max-width: 1440px) 100vw, 1440px\" \/><\/figure><\/div>\n<\/div>\n\n<div class=\"wp-block-group alignfull is-style-ext-preset--group--natural-1--section has-background-background-color has-background has-global-padding is-layout-constrained wp-container-core-group-is-layout-e955bbaf wp-block-group-is-layout-constrained is-style-ext-preset--group--natural-1--section--5\" id=\"veranstaltungen\" style=\"margin-top:0;margin-bottom:0;padding-top:var(--wp--preset--spacing--70);padding-bottom:var(--wp--preset--spacing--70)\">\n<div class=\"wp-block-group alignwide ext-is-logical-start has-global-padding is-content-justification-left is-layout-constrained wp-container-core-group-is-layout-20186816 wp-block-group-is-layout-constrained\">\n<h2 class=\"wp-block-heading ext-animate--on\">Erlebe ganzheitliches Yoga und Coaching in Harmonie<\/h2>\n\n\n\n<p class=\"ext-animate--on\">Entdecke unsere kommenden Workshops und Retreats, die dich einladen, dein Bewusstsein zu erweitern und mit Gleichgesinnten zu wachsen.<\/p>\n<\/div>\n\n\n\n<div class=\"wp-block-columns alignwide is-layout-flex wp-container-core-columns-is-layout-08c01c1c wp-block-columns-is-layout-flex\">\n<div class=\"wp-block-column is-vertically-aligned-stretch ext-animate--on is-layout-flow wp-block-column-is-layout-flow\">\n<div class=\"wp-block-group is-style-ext-preset--group--natural-1--item-card-1--align-start has-global-padding is-layout-constrained wp-block-group-is-layout-constrained is-style-ext-preset--group--natural-1--item-card-1--align-start--6\">\n<div class=\"wp-block-group is-style-default has-global-padding is-layout-constrained wp-block-group-is-layout-constrained\">\n<h3 class=\"wp-block-heading\">Embodied Yoga Workshop: K\u00f6rperbewusstsein st\u00e4rken<\/h3>\n\n\n\n<div class=\"wp-block-group is-nowrap is-layout-flex wp-container-core-group-is-layout-6fee25ed wp-block-group-is-layout-flex\" style=\"margin-top:24px;padding-top:0;padding-right:0;padding-bottom:0;padding-left:0\">\n<div class=\"wp-block-group is-nowrap is-layout-flex wp-container-core-group-is-layout-2ca071df wp-block-group-is-layout-flex\" style=\"padding-top:0;padding-right:0;padding-bottom:0;padding-left:0\">\n<figure class=\"wp-block-image size-large wp-container-content-c42f3963 wp-duotone-primary-foreground\"><img decoding=\"async\" src=\"data:image\/svg+xml;base64,PHN2ZyB4bWxucz0iaHR0cDovL3d3dy53My5vcmcvMjAwMC9zdmciIHdpZHRoPSIyNCIgaGVpZ2h0PSIyNCIgZmlsbD0iIzAwMDAwMCIgdmlld0JveD0iMCAwIDI1NiAyNTYiPjxwYXRoIGQ9Ik0yMDgsMzJIMTg0VjI0YTgsOCwwLDAsMC0xNiwwdjhIODhWMjRhOCw4LDAsMCwwLTE2LDB2OEg0OEExNiwxNiwwLDAsMCwzMiw0OFYyMDhhMTYsMTYsMCwwLDAsMTYsMTZIMjA4YTE2LDE2LDAsMCwwLDE2LTE2VjQ4QTE2LDE2LDAsMCwwLDIwOCwzMlpNNzIsNDh2OGE4LDgsMCwwLDAsMTYsMFY0OGg4MHY4YTgsOCwwLDAsMCwxNiwwVjQ4aDI0VjgwSDQ4VjQ4Wk0yMDgsMjA4SDQ4Vjk2SDIwOFYyMDhabS02OC03NmExMiwxMiwwLDEsMS0xMi0xMkExMiwxMiwwLDAsMSwxNDAsMTMyWm00NCwwYTEyLDEyLDAsMSwxLTEyLTEyQTEyLDEyLDAsMCwxLDE4NCwxMzJaTTk2LDE3MmExMiwxMiwwLDEsMS0xMi0xMkExMiwxMiwwLDAsMSw5NiwxNzJabTQ0LDBhMTIsMTIsMCwxLDEtMTItMTJBMTIsMTIsMCwwLDEsMTQwLDE3MlptNDQsMGExMiwxMiwwLDEsMS0xMi0xMkExMiwxMiwwLDAsMSwxODQsMTcyWiI+PC9wYXRoPjwvc3ZnPg==\" alt=\"\"\/><\/figure>\n\n\n\n<p class=\"wp-container-content-9cfa9a5a\" style=\"font-size:clamp(14px, 0.875rem + ((1vw - 3.2px) * 0.417), 18px);\">Datum:<\/p>\n<\/div>\n\n\n\n<div class=\"wp-block-group is-nowrap is-layout-flex wp-container-core-group-is-layout-2ca071df wp-block-group-is-layout-flex\" style=\"padding-top:0;padding-right:0;padding-bottom:0;padding-left:0\">\n<figure class=\"wp-block-image size-large wp-duotone-primary-foreground\"><img decoding=\"async\" src=\"data:image\/svg+xml;base64,PHN2ZyB4bWxucz0iaHR0cDovL3d3dy53My5vcmcvMjAwMC9zdmciIHdpZHRoPSIyNCIgaGVpZ2h0PSIyNCIgZmlsbD0iIzAwMDAwMCIgdmlld0JveD0iMCAwIDI1NiAyNTYiPjxwYXRoIGQ9Ik0xMjgsNjRhNDAsNDAsMCwxLDAsNDAsNDBBNDAsNDAsMCwwLDAsMTI4LDY0Wm0wLDY0YTI0LDI0LDAsMSwxLDI0LTI0QTI0LDI0LDAsMCwxLDEyOCwxMjhabTAtMTEyYTg4LjEsODguMSwwLDAsMC04OCw4OGMwLDMxLjQsMTQuNTEsNjQuNjgsNDIsOTYuMjVhMjU0LjE5LDI1NC4xOSwwLDAsMCw0MS40NSwzOC4zLDgsOCwwLDAsMCw5LjE4LDBBMjU0LjE5LDI1NC4xOSwwLDAsMCwxNzQsMjAwLjI1YzI3LjQ1LTMxLjU3LDQyLTY0Ljg1LDQyLTk2LjI1QTg4LjEsODguMSwwLDAsMCwxMjgsMTZabTAsMjA2Yy0xNi41My0xMy03Mi02MC43NS03Mi0xMThhNzIsNzIsMCwwLDEsMTQ0LDBDMjAwLDE2MS4yMywxNDQuNTMsMjA5LDEyOCwyMjJaIj48L3BhdGg+PC9zdmc+\" alt=\"\"\/><\/figure>\n\n\n\n<p class=\"wp-container-content-9cfa9a5a\" style=\"font-size:clamp(14px, 0.875rem + ((1vw - 3.2px) * 0.417), 18px);\">Ort:<\/p>\n<\/div>\n<\/div>\n\n\n\n<p>Tauche ein in eine Praxis, die Bewegung und innere Klarheit verbindet.<\/p>\n<\/div>\n<\/div>\n<\/div>\n\n\n\n<div class=\"wp-block-column is-vertically-aligned-stretch ext-animate--on is-layout-flow wp-block-column-is-layout-flow\">\n<div class=\"wp-block-group is-style-ext-preset--group--natural-1--item-card-1--align-start has-global-padding is-layout-constrained wp-block-group-is-layout-constrained is-style-ext-preset--group--natural-1--item-card-1--align-start--7\">\n<div class=\"wp-block-group is-style-default has-global-padding is-layout-constrained wp-block-group-is-layout-constrained\">\n<h3 class=\"wp-block-heading\">Coaching-Session: Emotionale Balance finden<\/h3>\n\n\n\n<div class=\"wp-block-group is-nowrap is-layout-flex wp-container-core-group-is-layout-6fee25ed wp-block-group-is-layout-flex\" style=\"margin-top:24px;padding-top:0;padding-right:0;padding-bottom:0;padding-left:0\">\n<div class=\"wp-block-group is-nowrap is-layout-flex wp-container-core-group-is-layout-2ca071df wp-block-group-is-layout-flex\" style=\"padding-top:0;padding-right:0;padding-bottom:0;padding-left:0\">\n<figure class=\"wp-block-image size-large wp-container-content-c42f3963 wp-duotone-primary-foreground\"><img decoding=\"async\" src=\"data:image\/svg+xml;base64,PHN2ZyB4bWxucz0iaHR0cDovL3d3dy53My5vcmcvMjAwMC9zdmciIHdpZHRoPSIyNCIgaGVpZ2h0PSIyNCIgZmlsbD0iIzAwMDAwMCIgdmlld0JveD0iMCAwIDI1NiAyNTYiPjxwYXRoIGQ9Ik0yMDgsMzJIMTg0VjI0YTgsOCwwLDAsMC0xNiwwdjhIODhWMjRhOCw4LDAsMCwwLTE2LDB2OEg0OEExNiwxNiwwLDAsMCwzMiw0OFYyMDhhMTYsMTYsMCwwLDAsMTYsMTZIMjA4YTE2LDE2LDAsMCwwLDE2LTE2VjQ4QTE2LDE2LDAsMCwwLDIwOCwzMlpNNzIsNDh2OGE4LDgsMCwwLDAsMTYsMFY0OGg4MHY4YTgsOCwwLDAsMCwxNiwwVjQ4aDI0VjgwSDQ4VjQ4Wk0yMDgsMjA4SDQ4Vjk2SDIwOFYyMDhabS02OC03NmExMiwxMiwwLDEsMS0xMi0xMkExMiwxMiwwLDAsMSwxNDAsMTMyWm00NCwwYTEyLDEyLDAsMSwxLTEyLTEyQTEyLDEyLDAsMCwxLDE4NCwxMzJaTTk2LDE3MmExMiwxMiwwLDEsMS0xMi0xMkExMiwxMiwwLDAsMSw5NiwxNzJabTQ0LDBhMTIsMTIsMCwxLDEtMTItMTJBMTIsMTIsMCwwLDEsMTQwLDE3MlptNDQsMGExMiwxMiwwLDEsMS0xMi0xMkExMiwxMiwwLDAsMSwxODQsMTcyWiI+PC9wYXRoPjwvc3ZnPg==\" alt=\"\"\/><\/figure>\n\n\n\n<p class=\"wp-container-content-9cfa9a5a\" style=\"font-size:clamp(14px, 0.875rem + ((1vw - 3.2px) * 0.417), 18px);\">Datum:<\/p>\n<\/div>\n\n\n\n<div class=\"wp-block-group is-nowrap is-layout-flex wp-container-core-group-is-layout-2ca071df wp-block-group-is-layout-flex\" style=\"padding-top:0;padding-right:0;padding-bottom:0;padding-left:0\">\n<figure class=\"wp-block-image size-large wp-duotone-primary-foreground\"><img decoding=\"async\" src=\"data:image\/svg+xml;base64,PHN2ZyB4bWxucz0iaHR0cDovL3d3dy53My5vcmcvMjAwMC9zdmciIHdpZHRoPSIyNCIgaGVpZ2h0PSIyNCIgZmlsbD0iIzAwMDAwMCIgdmlld0JveD0iMCAwIDI1NiAyNTYiPjxwYXRoIGQ9Ik0xMjgsNjRhNDAsNDAsMCwxLDAsNDAsNDBBNDAsNDAsMCwwLDAsMTI4LDY0Wm0wLDY0YTI0LDI0LDAsMSwxLDI0LTI0QTI0LDI0LDAsMCwxLDEyOCwxMjhabTAtMTEyYTg4LjEsODguMSwwLDAsMC04OCw4OGMwLDMxLjQsMTQuNTEsNjQuNjgsNDIsOTYuMjVhMjU0LjE5LDI1NC4xOSwwLDAsMCw0MS40NSwzOC4zLDgsOCwwLDAsMCw5LjE4LDBBMjU0LjE5LDI1NC4xOSwwLDAsMCwxNzQsMjAwLjI1YzI3LjQ1LTMxLjU3LDQyLTY0Ljg1LDQyLTk2LjI1QTg4LjEsODguMSwwLDAsMCwxMjgsMTZabTAsMjA2Yy0xNi41My0xMy03Mi02MC43NS03Mi0xMThhNzIsNzIsMCwwLDEsMTQ0LDBDMjAwLDE2MS4yMywxNDQuNTMsMjA5LDEyOCwyMjJaIj48L3BhdGg+PC9zdmc+\" alt=\"\"\/><\/figure>\n\n\n\n<p class=\"wp-container-content-9cfa9a5a\" style=\"font-size:clamp(14px, 0.875rem + ((1vw - 3.2px) * 0.417), 18px);\">Ort:<\/p>\n<\/div>\n<\/div>\n\n\n\n<p>Individuelle Begleitung f\u00fcr nachhaltige pers\u00f6nliche Ver\u00e4nderung.<\/p>\n<\/div>\n<\/div>\n<\/div>\n\n\n\n<div class=\"wp-block-column is-vertically-aligned-stretch ext-animate--on is-layout-flow wp-block-column-is-layout-flow\">\n<div class=\"wp-block-group is-style-ext-preset--group--natural-1--item-card-1--align-start has-global-padding is-layout-constrained wp-block-group-is-layout-constrained is-style-ext-preset--group--natural-1--item-card-1--align-start--8\">\n<div class=\"wp-block-group is-style-default has-global-padding is-layout-constrained wp-block-group-is-layout-constrained\">\n<h3 class=\"wp-block-heading\">Retreat: Embodiment und Selbstentdeckung<\/h3>\n\n\n\n<div class=\"wp-block-group is-nowrap is-layout-flex wp-container-core-group-is-layout-6fee25ed wp-block-group-is-layout-flex\" style=\"margin-top:24px;padding-top:0;padding-right:0;padding-bottom:0;padding-left:0\">\n<div class=\"wp-block-group is-nowrap is-layout-flex wp-container-core-group-is-layout-2ca071df wp-block-group-is-layout-flex\" style=\"padding-top:0;padding-right:0;padding-bottom:0;padding-left:0\">\n<figure class=\"wp-block-image size-large wp-container-content-c42f3963 wp-duotone-primary-foreground\"><img decoding=\"async\" src=\"data:image\/svg+xml;base64,PHN2ZyB4bWxucz0iaHR0cDovL3d3dy53My5vcmcvMjAwMC9zdmciIHdpZHRoPSIyNCIgaGVpZ2h0PSIyNCIgZmlsbD0iIzAwMDAwMCIgdmlld0JveD0iMCAwIDI1NiAyNTYiPjxwYXRoIGQ9Ik0yMDgsMzJIMTg0VjI0YTgsOCwwLDAsMC0xNiwwdjhIODhWMjRhOCw4LDAsMCwwLTE2LDB2OEg0OEExNiwxNiwwLDAsMCwzMiw0OFYyMDhhMTYsMTYsMCwwLDAsMTYsMTZIMjA4YTE2LDE2LDAsMCwwLDE2LTE2VjQ4QTE2LDE2LDAsMCwwLDIwOCwzMlpNNzIsNDh2OGE4LDgsMCwwLDAsMTYsMFY0OGg4MHY4YTgsOCwwLDAsMCwxNiwwVjQ4aDI0VjgwSDQ4VjQ4Wk0yMDgsMjA4SDQ4Vjk2SDIwOFYyMDhabS02OC03NmExMiwxMiwwLDEsMS0xMi0xMkExMiwxMiwwLDAsMSwxNDAsMTMyWm00NCwwYTEyLDEyLDAsMSwxLTEyLTEyQTEyLDEyLDAsMCwxLDE4NCwxMzJaTTk2LDE3MmExMiwxMiwwLDEsMS0xMi0xMkExMiwxMiwwLDAsMSw5NiwxNzJabTQ0LDBhMTIsMTIsMCwxLDEtMTItMTJBMTIsMTIsMCwwLDEsMTQwLDE3MlptNDQsMGExMiwxMiwwLDEsMS0xMi0xMkExMiwxMiwwLDAsMSwxODQsMTcyWiI+PC9wYXRoPjwvc3ZnPg==\" alt=\"\"\/><\/figure>\n\n\n\n<p class=\"wp-container-content-9cfa9a5a\" style=\"font-size:clamp(14px, 0.875rem + ((1vw - 3.2px) * 0.417), 18px);\">Datum:<\/p>\n<\/div>\n\n\n\n<div class=\"wp-block-group is-nowrap is-layout-flex wp-container-core-group-is-layout-2ca071df wp-block-group-is-layout-flex\" style=\"padding-top:0;padding-right:0;padding-bottom:0;padding-left:0\">\n<figure class=\"wp-block-image size-large wp-duotone-primary-foreground\"><img decoding=\"async\" src=\"data:image\/svg+xml;base64,PHN2ZyB4bWxucz0iaHR0cDovL3d3dy53My5vcmcvMjAwMC9zdmciIHdpZHRoPSIyNCIgaGVpZ2h0PSIyNCIgZmlsbD0iIzAwMDAwMCIgdmlld0JveD0iMCAwIDI1NiAyNTYiPjxwYXRoIGQ9Ik0xMjgsNjRhNDAsNDAsMCwxLDAsNDAsNDBBNDAsNDAsMCwwLDAsMTI4LDY0Wm0wLDY0YTI0LDI0LDAsMSwxLDI0LTI0QTI0LDI0LDAsMCwxLDEyOCwxMjhabTAtMTEyYTg4LjEsODguMSwwLDAsMC04OCw4OGMwLDMxLjQsMTQuNTEsNjQuNjgsNDIsOTYuMjVhMjU0LjE5LDI1NC4xOSwwLDAsMCw0MS40NSwzOC4zLDgsOCwwLDAsMCw5LjE4LDBBMjU0LjE5LDI1NC4xOSwwLDAsMCwxNzQsMjAwLjI1YzI3LjQ1LTMxLjU3LDQyLTY0Ljg1LDQyLTk2LjI1QTg4LjEsODguMSwwLDAsMCwxMjgsMTZabTAsMjA2Yy0xNi41My0xMy03Mi02MC43NS03Mi0xMThhNzIsNzIsMCwwLDEsMTQ0LDBDMjAwLDE2MS4yMywxNDQuNTMsMjA5LDEyOCwyMjJaIj48L3BhdGg+PC9zdmc+\" alt=\"\"\/><\/figure>\n\n\n\n<p class=\"wp-container-content-9cfa9a5a\" style=\"font-size:clamp(14px, 0.875rem + ((1vw - 3.2px) * 0.417), 18px);\">Ort:<\/p>\n<\/div>\n<\/div>\n\n\n\n<p>Ein mehrt\u00e4giges Erlebnis, um K\u00f6rper und Geist tief zu verbinden.<\/p>\n<\/div>\n<\/div>\n<\/div>\n<\/div>\n<\/div>","protected":false},"excerpt":{"rendered":"<p>Erleben Sie nachhaltige Ver\u00e4nderung durch gezielte K\u00f6rperarbeit und bewusstes Erleben Buchen Sie Ihren Termin unkompliziert und schnell \u2013 alle wichtigen Informationen f\u00fcr Ihren reibungslosen Ablauf finden Sie hier. Erlebe ganzheitliches Yoga und Coaching in Harmonie Entdecke unsere kommenden Workshops und Retreats, die dich einladen, dein Bewusstsein zu erweitern und mit Gleichgesinnten zu wachsen. Embodied Yoga [&hellip;]<\/p>\n","protected":false},"author":1,"featured_media":0,"parent":0,"menu_order":0,"comment_status":"closed","ping_status":"closed","template":"page-with-title","meta":{"inline_featured_image":false,"footnotes":""},"class_list":["post-41","page","type-page","status-publish","hentry"],"_links":{"self":[{"href":"https:\/\/esoma.space\/en\/wp-json\/wp\/v2\/pages\/41","targetHints":{"allow":["GET"]}}],"collection":[{"href":"https:\/\/esoma.space\/en\/wp-json\/wp\/v2\/pages"}],"about":[{"href":"https:\/\/esoma.space\/en\/wp-json\/wp\/v2\/types\/page"}],"author":[{"embeddable":true,"href":"https:\/\/esoma.space\/en\/wp-json\/wp\/v2\/users\/1"}],"replies":[{"embeddable":true,"href":"https:\/\/esoma.space\/en\/wp-json\/wp\/v2\/comments?post=41"}],"version-history":[{"count":1,"href":"https:\/\/esoma.space\/en\/wp-json\/wp\/v2\/pages\/41\/revisions"}],"predecessor-version":[{"id":52,"href":"https:\/\/esoma.space\/en\/wp-json\/wp\/v2\/pages\/41\/revisions\/52"}],"wp:attachment":[{"href":"https:\/\/esoma.space\/en\/wp-json\/wp\/v2\/media?parent=41"}],"curies":[{"name":"wp","href":"https:\/\/api.w.org\/{rel}","templated":true}]}}